{"id":673,"date":"2021-03-06T12:41:15","date_gmt":"2021-03-06T17:41:15","guid":{"rendered":"http:\/\/fcn-rcn.ca\/?page_id=673"},"modified":"2025-10-08T13:58:11","modified_gmt":"2025-10-08T17:58:11","slug":"partners","status":"publish","type":"page","link":"https:\/\/fcn-rcn.ca\/fr\/about-us\/partners\/","title":{"rendered":"Partenaires"},"content":{"rendered":"<div data-elementor-type=\"wp-page\" data-elementor-id=\"673\" class=\"elementor elementor-673\" data-elementor-post-type=\"page\">\n\t\t\t\t\t\t<section class=\"elementor-section elementor-top-section elementor-element elementor-element-2af78b1 elementor-section-height-min-height elementor-section-content-middle elementor-section-boxed elementor-section-height-default elementor-section-items-middle\" data-id=\"2af78b1\" data-element_type=\"section\" data-e-type=\"section\" data-settings=\"{&quot;background_background&quot;:&quot;classic&quot;}\">\n\t\t\t\t\t\t<div class=\"elementor-container elementor-column-gap-default\">\n\t\t\t\t\t<div class=\"elementor-column elementor-col-100 elementor-top-column elementor-element elementor-element-f2b1000\" data-id=\"f2b1000\" data-element_type=\"column\" data-e-type=\"column\">\n\t\t\t<div class=\"elementor-widget-wrap elementor-element-populated\">\n\t\t\t\t\t\t<div class=\"elementor-element elementor-element-3a4bcd3 elementor-widget-divider--view-line elementor-widget elementor-widget-global elementor-global-2175 elementor-widget-divider\" data-id=\"3a4bcd3\" data-element_type=\"widget\" data-e-type=\"widget\" data-widget_type=\"divider.default\">\n\t\t\t\t<div class=\"elementor-widget-container\">\n\t\t\t\t\t\t\t<div class=\"elementor-divider\">\n\t\t\t<span class=\"elementor-divider-separator\">\n\t\t\t\t\t\t<\/span>\n\t\t<\/div>\n\t\t\t\t\t\t<\/div>\n\t\t\t\t<\/div>\n\t\t\t\t<div class=\"elementor-element elementor-element-9f7c66c elementor-widget elementor-widget-heading\" data-id=\"9f7c66c\" data-element_type=\"widget\" data-e-type=\"widget\" data-widget_type=\"heading.default\">\n\t\t\t\t<div class=\"elementor-widget-container\">\n\t\t\t\t\t<h1 class=\"elementor-heading-title elementor-size-large\"><b>Partenaires.<\/b><\/h1>\t\t\t\t<\/div>\n\t\t\t\t<\/div>\n\t\t\t\t\t<\/div>\n\t\t<\/div>\n\t\t\t\t\t<\/div>\n\t\t<\/section>\n\t\t\t\t<section class=\"elementor-section elementor-top-section elementor-element elementor-element-dc5a4a5 elementor-section-boxed elementor-section-height-default elementor-section-height-default\" data-id=\"dc5a4a5\" data-element_type=\"section\" data-e-type=\"section\">\n\t\t\t\t\t\t<div class=\"elementor-container elementor-column-gap-default\">\n\t\t\t\t\t<div class=\"elementor-column elementor-col-100 elementor-top-column elementor-element elementor-element-3463562\" data-id=\"3463562\" data-element_type=\"column\" data-e-type=\"column\">\n\t\t\t<div class=\"elementor-widget-wrap elementor-element-populated\">\n\t\t\t\t\t\t<div class=\"elementor-element elementor-element-ecfe72e elementor-widget elementor-widget-spacer\" data-id=\"ecfe72e\" data-element_type=\"widget\" data-e-type=\"widget\" data-widget_type=\"spacer.default\">\n\t\t\t\t<div class=\"elementor-widget-container\">\n\t\t\t\t\t\t\t<div class=\"elementor-spacer\">\n\t\t\t<div class=\"elementor-spacer-inner\"><\/div>\n\t\t<\/div>\n\t\t\t\t\t\t<\/div>\n\t\t\t\t<\/div>\n\t\t\t\t<div class=\"elementor-element elementor-element-15e8204 elementor-widget elementor-widget-text-editor\" data-id=\"15e8204\" data-element_type=\"widget\" data-e-type=\"widget\" data-widget_type=\"text-editor.default\">\n\t\t\t\t<div class=\"elementor-widget-container\">\n\t\t\t\t\t\t\t\t\t<h5><strong>Organisations de soutien actuelles<\/strong><\/h5><ul><li><strong><span style=\"color: #0e7373\">Universit\u00e9 Dalhousie<\/span><\/strong> (Karen Foster) dirige le r\u00e9seau Common Ground du CRSH, qui s\u2019efforce d\u2019accro\u00eetre l\u2019accessibilit\u00e9 et l\u2019utilisation r\u00e9elle de l\u2019expertise en sciences humaines dans la poursuite strat\u00e9gique de secteurs agricoles et de syst\u00e8mes alimentaires durables pour soutenir une transition juste vers la carboneutralit\u00e9 d\u2019un oc\u00e9an \u00e0 l\u2019autre. Common Ground met en r\u00e9seau des acteurs universitaires et communautaires, notamment en soutenant la coordination de partenariats \u00e0 temps partiel pour le FCN.<\/li><li><strong><span style=\"color: #0e7373\">l\u2019Universit\u00e9 Lakehead<\/span><\/strong> (Charles Levkoe) dirige la subvention Savoir du CRSH qui vise \u00e0 identifier des approches efficaces, novatrices et collaboratives en mati\u00e8re de gouvernance alimentaire pour b\u00e2tir des syst\u00e8mes alimentaires sains, \u00e9quitables et durables. Le FCN-RCN est un partenaire communautaire cl\u00e9.<\/li><li><strong><a style=\"color: #0e7373\" href=\"https:\/\/foodsecurecanada.org\/\" target=\"_blank\" rel=\"noopener\">de R\u00e9seau pour une alimentation durable<\/a><\/strong> est le r\u00e9seau qui a r\u00e9uni les communaut\u00e9s pour identifier le besoin d'un r\u00e9seau de communaut\u00e9s alimentaires et en est depuis lors un partenaire.<\/li><li><strong><a style=\"color: #0e7373\" href=\"http:\/\/www.justfood.ca\/\" target=\"_blank\" rel=\"noopener\">http:\/\/www.justfood.ca\/<\/a><\/strong> agit actuellement en tant qu'h\u00f4te administratif du Food Communities Network.<\/li><\/ul>\t\t\t\t\t\t\t\t<\/div>\n\t\t\t\t<\/div>\n\t\t\t\t<div class=\"elementor-element elementor-element-e6dc198 elementor-widget elementor-widget-spacer\" data-id=\"e6dc198\" data-element_type=\"widget\" data-e-type=\"widget\" data-widget_type=\"spacer.default\">\n\t\t\t\t<div class=\"elementor-widget-container\">\n\t\t\t\t\t\t\t<div class=\"elementor-spacer\">\n\t\t\t<div class=\"elementor-spacer-inner\"><\/div>\n\t\t<\/div>\n\t\t\t\t\t\t<\/div>\n\t\t\t\t<\/div>\n\t\t\t\t<div class=\"elementor-element elementor-element-23abaf2 elementor-widget elementor-widget-text-editor\" data-id=\"23abaf2\" data-element_type=\"widget\" data-e-type=\"widget\" data-widget_type=\"text-editor.default\">\n\t\t\t\t<div class=\"elementor-widget-container\">\n\t\t\t\t\t\t\t\t\t<h5>Organisations de soutien pass\u00e9es<\/h5><ul><li><strong><a style=\"color: #0e7373\" href=\"https:\/\/makeway.org\/\" target=\"_blank\" rel=\"noopener\">MakeWay<\/a><\/strong> a h\u00e9berg\u00e9 FCN-RCN sur sa plateforme \u00e0 son d\u00e9marrage en 2019 jusqu'en 2023.<\/li><li><strong><a style=\"color: #0e7373\" href=\"https:\/\/www.feedopportunity.com\/\" target=\"_blank\" rel=\"noopener\">Maple Leaf Centre<\/a> <span style=\"color: #0e7373\">for Action on Food Security<\/span><\/strong> a fourni un financement de d\u00e9marrage pour les trois premi\u00e8res ann\u00e9es afin de contribuer \u00e0 la mise en place du r\u00e9seau.<\/li><li><strong><a style=\"color: #0e7373\" href=\"https:\/\/www.mitacs.ca\/\" target=\"_blank\" rel=\"noopener\">Mitacs<\/a><\/strong> financ\u00e9 une partie des salaires des coordinateurs de r\u00e9seau initiaux.<\/li><li><span style=\"color: #0e7373\"><strong>l\u2019Universit\u00e9 Saint Paul<\/strong><\/span> (Amanda Wilson) a dirig\u00e9 une subvention de partenariat du CRSH, offrant un soutien aux \u00e9tudiants pour des projets de recherche, en particulier sur le projet Food Communities Solutions.<\/li><\/ul>\t\t\t\t\t\t\t\t<\/div>\n\t\t\t\t<\/div>\n\t\t\t\t\t<\/div>\n\t\t<\/div>\n\t\t\t\t\t<\/div>\n\t\t<\/section>\n\t\t\t\t<section class=\"elementor-section elementor-top-section elementor-element elementor-element-d72b9ea elementor-section-boxed elementor-section-height-default elementor-section-height-default\" data-id=\"d72b9ea\" data-element_type=\"section\" data-e-type=\"section\">\n\t\t\t\t\t\t<div class=\"elementor-container elementor-column-gap-default\">\n\t\t\t\t\t<div class=\"elementor-column elementor-col-100 elementor-top-column elementor-element elementor-element-cd124e3\" data-id=\"cd124e3\" data-element_type=\"column\" data-e-type=\"column\">\n\t\t\t<div class=\"elementor-widget-wrap elementor-element-populated\">\n\t\t\t\t\t\t<div class=\"elementor-element elementor-element-3089f10 elementor-widget elementor-widget-spacer\" data-id=\"3089f10\" data-element_type=\"widget\" data-e-type=\"widget\" data-widget_type=\"spacer.default\">\n\t\t\t\t<div class=\"elementor-widget-container\">\n\t\t\t\t\t\t\t<div class=\"elementor-spacer\">\n\t\t\t<div class=\"elementor-spacer-inner\"><\/div>\n\t\t<\/div>\n\t\t\t\t\t\t<\/div>\n\t\t\t\t<\/div>\n\t\t\t\t<div class=\"elementor-element elementor-element-1638daa elementor-widget elementor-widget-global elementor-global-2178 elementor-widget-text-editor\" data-id=\"1638daa\" data-element_type=\"widget\" data-e-type=\"widget\" data-widget_type=\"text-editor.default\">\n\t\t\t\t<div class=\"elementor-widget-container\">\n\t\t\t\t\t\t\t\t\t<p style=\"text-align: right;\">Food Communities Network\u00a0 \u00a0|\u00a0 \u00a0R\u00e9seau Communaut\u00e9s nourrici\u00e8res\u00a0 \u00a0|\u00a0 \u00a02025<\/p>\t\t\t\t\t\t\t\t<\/div>\n\t\t\t\t<\/div>\n\t\t\t\t\t<\/div>\n\t\t<\/div>\n\t\t\t\t\t<\/div>\n\t\t<\/section>\n\t\t\t\t<\/div>","protected":false},"excerpt":{"rendered":"<p>Partners. Current Supporting Organizations Dalhousie University (Karen Foster) leads the SSHRC Common Ground Network, which is working to increase the accessibility and genuine use of social science and humanities expertise in the strategic pursuit of sustainable agricultural sectors and food systems to support a just transition to net-zero coast-to-coast-to-coast. Common Ground networks academic and community [&hellip;]<\/p>\n","protected":false},"author":7,"featured_media":0,"parent":24,"menu_order":0,"comment_status":"closed","ping_status":"closed","template":"","meta":{"_monsterinsights_skip_tracking":false,"_monsterinsights_sitenote_active":false,"_monsterinsights_sitenote_note":"","_monsterinsights_sitenote_category":0,"footnotes":""},"class_list":["post-673","page","type-page","status-publish","hentry"],"_links":{"self":[{"href":"https:\/\/fcn-rcn.ca\/fr\/wp-json\/wp\/v2\/pages\/673","targetHints":{"allow":["GET"]}}],"collection":[{"href":"https:\/\/fcn-rcn.ca\/fr\/wp-json\/wp\/v2\/pages"}],"about":[{"href":"https:\/\/fcn-rcn.ca\/fr\/wp-json\/wp\/v2\/types\/page"}],"author":[{"embeddable":true,"href":"https:\/\/fcn-rcn.ca\/fr\/wp-json\/wp\/v2\/users\/7"}],"replies":[{"embeddable":true,"href":"https:\/\/fcn-rcn.ca\/fr\/wp-json\/wp\/v2\/comments?post=673"}],"version-history":[{"count":61,"href":"https:\/\/fcn-rcn.ca\/fr\/wp-json\/wp\/v2\/pages\/673\/revisions"}],"predecessor-version":[{"id":2487,"href":"https:\/\/fcn-rcn.ca\/fr\/wp-json\/wp\/v2\/pages\/673\/revisions\/2487"}],"up":[{"embeddable":true,"href":"https:\/\/fcn-rcn.ca\/fr\/wp-json\/wp\/v2\/pages\/24"}],"wp:attachment":[{"href":"https:\/\/fcn-rcn.ca\/fr\/wp-json\/wp\/v2\/media?parent=673"}],"curies":[{"name":"wp","href":"https:\/\/api.w.org\/{rel}","templated":true}]}}