{"id":323,"date":"2020-08-26T14:08:24","date_gmt":"2020-08-26T18:08:24","guid":{"rendered":"http:\/\/fcn-rcn.ca\/?page_id=323"},"modified":"2025-10-08T13:58:27","modified_gmt":"2025-10-08T17:58:27","slug":"goals","status":"publish","type":"page","link":"https:\/\/fcn-rcn.ca\/fr\/about-us\/goals\/","title":{"rendered":"Objectifs"},"content":{"rendered":"<div data-elementor-type=\"wp-page\" data-elementor-id=\"323\" class=\"elementor elementor-323\" data-elementor-post-type=\"page\">\n\t\t\t\t\t\t<section class=\"elementor-section elementor-top-section elementor-element elementor-element-549e6a0e elementor-section-height-min-height elementor-section-content-middle elementor-section-boxed elementor-section-height-default elementor-section-items-middle\" data-id=\"549e6a0e\" data-element_type=\"section\" data-e-type=\"section\" data-settings=\"{&quot;background_background&quot;:&quot;classic&quot;}\">\n\t\t\t\t\t\t<div class=\"elementor-container elementor-column-gap-default\">\n\t\t\t\t\t<div class=\"elementor-column elementor-col-100 elementor-top-column elementor-element elementor-element-619be871\" data-id=\"619be871\" data-element_type=\"column\" data-e-type=\"column\">\n\t\t\t<div class=\"elementor-widget-wrap elementor-element-populated\">\n\t\t\t\t\t\t<div class=\"elementor-element elementor-element-563b2688 elementor-widget-divider--view-line elementor-widget elementor-widget-divider\" data-id=\"563b2688\" data-element_type=\"widget\" data-e-type=\"widget\" data-widget_type=\"divider.default\">\n\t\t\t\t<div class=\"elementor-widget-container\">\n\t\t\t\t\t\t\t<div class=\"elementor-divider\">\n\t\t\t<span class=\"elementor-divider-separator\">\n\t\t\t\t\t\t<\/span>\n\t\t<\/div>\n\t\t\t\t\t\t<\/div>\n\t\t\t\t<\/div>\n\t\t\t\t<div class=\"elementor-element elementor-element-5198b1d5 elementor-widget elementor-widget-heading\" data-id=\"5198b1d5\" data-element_type=\"widget\" data-e-type=\"widget\" data-widget_type=\"heading.default\">\n\t\t\t\t<div class=\"elementor-widget-container\">\n\t\t\t\t\t<h1 class=\"elementor-heading-title elementor-size-large\"><b>Objectifs.<\/b><\/h1>\t\t\t\t<\/div>\n\t\t\t\t<\/div>\n\t\t\t\t\t<\/div>\n\t\t<\/div>\n\t\t\t\t\t<\/div>\n\t\t<\/section>\n\t\t\t\t<section class=\"elementor-section elementor-top-section elementor-element elementor-element-fe79732 elementor-section-boxed elementor-section-height-default elementor-section-height-default\" data-id=\"fe79732\" data-element_type=\"section\" data-e-type=\"section\">\n\t\t\t\t\t\t<div class=\"elementor-container elementor-column-gap-default\">\n\t\t\t\t\t<div class=\"elementor-column elementor-col-100 elementor-top-column elementor-element elementor-element-3e1ff41\" data-id=\"3e1ff41\" data-element_type=\"column\" data-e-type=\"column\">\n\t\t\t<div class=\"elementor-widget-wrap elementor-element-populated\">\n\t\t\t\t\t\t<div class=\"elementor-element elementor-element-0c007f4 elementor-widget elementor-widget-spacer\" data-id=\"0c007f4\" data-element_type=\"widget\" data-e-type=\"widget\" data-widget_type=\"spacer.default\">\n\t\t\t\t<div class=\"elementor-widget-container\">\n\t\t\t\t\t\t\t<div class=\"elementor-spacer\">\n\t\t\t<div class=\"elementor-spacer-inner\"><\/div>\n\t\t<\/div>\n\t\t\t\t\t\t<\/div>\n\t\t\t\t<\/div>\n\t\t\t\t\t<\/div>\n\t\t<\/div>\n\t\t\t\t\t<\/div>\n\t\t<\/section>\n\t\t\t\t<section class=\"elementor-section elementor-top-section elementor-element elementor-element-92ca744 elementor-section-boxed elementor-section-height-default elementor-section-height-default\" data-id=\"92ca744\" data-element_type=\"section\" data-e-type=\"section\">\n\t\t\t\t\t\t<div class=\"elementor-container elementor-column-gap-default\">\n\t\t\t\t\t<div class=\"elementor-column elementor-col-66 elementor-top-column elementor-element elementor-element-1fe129e\" data-id=\"1fe129e\" data-element_type=\"column\" data-e-type=\"column\">\n\t\t\t<div class=\"elementor-widget-wrap elementor-element-populated\">\n\t\t\t\t\t\t<div class=\"elementor-element elementor-element-fb1c972 elementor-widget elementor-widget-text-editor\" data-id=\"fb1c972\" data-element_type=\"widget\" data-e-type=\"widget\" data-widget_type=\"text-editor.default\">\n\t\t\t\t<div class=\"elementor-widget-container\">\n\t\t\t\t\t\t\t\t\t<h5><strong>Construire des communaut\u00e9s r\u00e9silientes et en situation de s\u00e9curit\u00e9 alimentaire partout sur les territoires autochtones et au Canada.*\u00a0<\/strong><\/h5><p><span style=\"font-weight: 400\">La voie \u00e0 suivre pour atteindre cet objectif :<\/span><\/p><ul><li><span style=\"font-weight: 400\">Am\u00e9liorer l\u2019harmonisation strat\u00e9gique entre les groupes de politiques alimentaires (GPA), les r\u00e9seaux communautaires et autochtones, les gouvernements provinciaux, territoriaux, municipaux et r\u00e9gionaux en mati\u00e8re d\u2019approches et d\u2019actions pour enrayer l\u2019ins\u00e9curit\u00e9 alimentaire et l\u2019am\u00e9liorer la r\u00e9silience alimentaire.<\/span><\/li><li><span style=\"font-weight: 400\">Accro\u00eetre l\u2019engagement continu des gouvernements, et leurs ressources, envers la planification, les politiques et les programmes d\u2019alimentation communautaires.<\/span><\/li><li><span style=\"font-weight: 400\">Permettre aux communaut\u00e9s des territoires autochtones et au Canada de prendre de l\u2019ampleur, de se d\u00e9velopper et d\u2019approfondir leur impact en vue d\u2019une s\u00e9curit\u00e9 alimentaire et d\u2019une r\u00e9silience accrue. On vise non seulement \u00e0 ce que ce travail soit effectu\u00e9 \u00e0 l\u2019\u00e9chelle communautaire, mais \u00e9galement qu\u2019il permette de renforcer les capacit\u00e9s afin d\u2019apporter une expertise communautaire aux groupes \u00e0 l\u2019\u00e9chelle provinciale, f\u00e9d\u00e9rale et internationale.<\/span><\/li><\/ul>\t\t\t\t\t\t\t\t<\/div>\n\t\t\t\t<\/div>\n\t\t\t\t\t<\/div>\n\t\t<\/div>\n\t\t\t\t<div class=\"elementor-column elementor-col-33 elementor-top-column elementor-element elementor-element-77d331f\" data-id=\"77d331f\" data-element_type=\"column\" data-e-type=\"column\">\n\t\t\t<div class=\"elementor-widget-wrap elementor-element-populated\">\n\t\t\t\t\t\t<div class=\"elementor-element elementor-element-15a8813 elementor-widget elementor-widget-text-editor\" data-id=\"15a8813\" data-element_type=\"widget\" data-e-type=\"widget\" data-widget_type=\"text-editor.default\">\n\t\t\t\t<div class=\"elementor-widget-container\">\n\t\t\t\t\t\t\t\t\t<em><span style=\"font-weight: 400;font-size: 0.9rem\">*Le choix de mot et la formulation g\u00e9ographique \u00ab\u2009territoires autochtones et au Canada\u2009\u00bb sont utilis\u00e9s pour reconna\u00eetre la cohabitation des gouvernements autochtones et canadiens.<\/span><\/em>\t\t\t\t\t\t\t\t<\/div>\n\t\t\t\t<\/div>\n\t\t\t\t\t<\/div>\n\t\t<\/div>\n\t\t\t\t\t<\/div>\n\t\t<\/section>\n\t\t\t\t<section class=\"elementor-section elementor-top-section elementor-element elementor-element-64f51f3 elementor-section-boxed elementor-section-height-default elementor-section-height-default\" data-id=\"64f51f3\" data-element_type=\"section\" data-e-type=\"section\">\n\t\t\t\t\t\t<div class=\"elementor-container elementor-column-gap-default\">\n\t\t\t\t\t<div class=\"elementor-column elementor-col-100 elementor-top-column elementor-element elementor-element-c2407c8\" data-id=\"c2407c8\" data-element_type=\"column\" data-e-type=\"column\">\n\t\t\t<div class=\"elementor-widget-wrap elementor-element-populated\">\n\t\t\t\t\t\t<div class=\"elementor-element elementor-element-67b4898 elementor-widget elementor-widget-spacer\" data-id=\"67b4898\" data-element_type=\"widget\" data-e-type=\"widget\" data-widget_type=\"spacer.default\">\n\t\t\t\t<div class=\"elementor-widget-container\">\n\t\t\t\t\t\t\t<div class=\"elementor-spacer\">\n\t\t\t<div class=\"elementor-spacer-inner\"><\/div>\n\t\t<\/div>\n\t\t\t\t\t\t<\/div>\n\t\t\t\t<\/div>\n\t\t\t\t\t<\/div>\n\t\t<\/div>\n\t\t\t\t\t<\/div>\n\t\t<\/section>\n\t\t\t\t<section class=\"elementor-section elementor-top-section elementor-element elementor-element-be97e2c elementor-section-boxed elementor-section-height-default elementor-section-height-default\" data-id=\"be97e2c\" data-element_type=\"section\" data-e-type=\"section\">\n\t\t\t\t\t\t<div class=\"elementor-container elementor-column-gap-default\">\n\t\t\t\t\t<div class=\"elementor-column elementor-col-100 elementor-top-column elementor-element elementor-element-14651f7\" data-id=\"14651f7\" data-element_type=\"column\" data-e-type=\"column\">\n\t\t\t<div class=\"elementor-widget-wrap elementor-element-populated\">\n\t\t\t\t\t\t<div class=\"elementor-element elementor-element-a001521 elementor-widget elementor-widget-heading\" data-id=\"a001521\" data-element_type=\"widget\" data-e-type=\"widget\" data-widget_type=\"heading.default\">\n\t\t\t\t<div class=\"elementor-widget-container\">\n\t\t\t\t\t<h4 class=\"elementor-heading-title elementor-size-default\">Activit\u00e9s du FCN-RCN :<\/h4>\t\t\t\t<\/div>\n\t\t\t\t<\/div>\n\t\t\t\t\t<\/div>\n\t\t<\/div>\n\t\t\t\t\t<\/div>\n\t\t<\/section>\n\t\t\t\t<section class=\"elementor-section elementor-top-section elementor-element elementor-element-1ee7479 elementor-section-boxed elementor-section-height-default elementor-section-height-default\" data-id=\"1ee7479\" data-element_type=\"section\" data-e-type=\"section\">\n\t\t\t\t\t\t<div class=\"elementor-container elementor-column-gap-default\">\n\t\t\t\t\t<div class=\"elementor-column elementor-col-100 elementor-top-column elementor-element elementor-element-2317875\" data-id=\"2317875\" data-element_type=\"column\" data-e-type=\"column\">\n\t\t\t<div class=\"elementor-widget-wrap elementor-element-populated\">\n\t\t\t\t\t\t<div class=\"elementor-element elementor-element-b637c51 elementor-widget elementor-widget-text-editor\" data-id=\"b637c51\" data-element_type=\"widget\" data-e-type=\"widget\" data-widget_type=\"text-editor.default\">\n\t\t\t\t<div class=\"elementor-widget-container\">\n\t\t\t\t\t\t\t\t\t<ul><li><span style=\"font-weight: 400\">Partagez des newsletters contenant des informations compil\u00e9es et pertinentes sur la r\u00e9silience alimentaire \u00e0 l\u2019\u00e9chelle de la communaut\u00e9.<\/span><\/li><li><span style=\"font-weight: 400\">Entreprendre des recherches et recueillir des ressources portant sur les questions touchant les collectivit\u00e9s alimentaires et les groupes de politiques alimentaires (GPA).\u00a0<\/span><\/li><li><span style=\"font-weight: 400\">Appuyer les collectivit\u00e9s d\u2019un oc\u00e9an \u00e0 l\u2019autre afin de d\u00e9velopper ou am\u00e9liorer les strat\u00e9gies, les programmes et les politiques alimentaires.<\/span><\/li><li><span style=\"font-weight: 400\">Appuyer l\u2019augmentation des ressources d\u00e9di\u00e9es \u00e0 la planification, les politiques et les programmes alimentaires, y compris des postes d\u00e9sign\u00e9s au sein des communaut\u00e9s et des gouvernements locaux.<\/span><\/li><li><span style=\"font-weight: 400\">Organiser des webinaires et de la formation pour appuyer la mise en \u0153uvre de strat\u00e9gies alimentaires.\u00a0<\/span><\/li><li><span style=\"font-weight: 400\">Favoriser des discussions sur les questions pertinentes pour les GPA.<\/span><\/li><li><span style=\"font-weight: 400\">Offrir des services de m\u00e9diation, des ressources, de l\u2019analyse documentaire, \ndes partages de politiques, des lettres d\u2019appui, des programmes de mentorat par les pairs et plus encore, aux organisations membres afin de les aider \u00e0 atteindre leurs objectifs de r\u00e9silience alimentaire \u00e0 l\u2019\u00e9chelle communautaire.\u00a0<\/span><\/li><li><span style=\"font-weight: 400\">\u00c9laborer, recueillir et distribuer des ressources sur les pratiques exemplaires et les le\u00e7ons apprises.<\/span><\/li><\/ul>\t\t\t\t\t\t\t\t<\/div>\n\t\t\t\t<\/div>\n\t\t\t\t\t<\/div>\n\t\t<\/div>\n\t\t\t\t\t<\/div>\n\t\t<\/section>\n\t\t\t\t<section class=\"elementor-section elementor-top-section elementor-element elementor-element-adf2504 elementor-section-boxed elementor-section-height-default elementor-section-height-default\" data-id=\"adf2504\" data-element_type=\"section\" data-e-type=\"section\">\n\t\t\t\t\t\t<div class=\"elementor-container elementor-column-gap-default\">\n\t\t\t\t\t<div class=\"elementor-column elementor-col-100 elementor-top-column elementor-element elementor-element-e2fa36f\" data-id=\"e2fa36f\" data-element_type=\"column\" data-e-type=\"column\">\n\t\t\t<div class=\"elementor-widget-wrap elementor-element-populated\">\n\t\t\t\t\t\t<div class=\"elementor-element elementor-element-e8fb014 elementor-widget elementor-widget-spacer\" data-id=\"e8fb014\" data-element_type=\"widget\" data-e-type=\"widget\" data-widget_type=\"spacer.default\">\n\t\t\t\t<div class=\"elementor-widget-container\">\n\t\t\t\t\t\t\t<div class=\"elementor-spacer\">\n\t\t\t<div class=\"elementor-spacer-inner\"><\/div>\n\t\t<\/div>\n\t\t\t\t\t\t<\/div>\n\t\t\t\t<\/div>\n\t\t\t\t\t<\/div>\n\t\t<\/div>\n\t\t\t\t\t<\/div>\n\t\t<\/section>\n\t\t\t\t<section class=\"elementor-section elementor-top-section elementor-element elementor-element-d0f47f0 elementor-section-boxed elementor-section-height-default elementor-section-height-default\" data-id=\"d0f47f0\" data-element_type=\"section\" data-e-type=\"section\">\n\t\t\t\t\t\t<div class=\"elementor-container elementor-column-gap-default\">\n\t\t\t\t\t<div class=\"elementor-column elementor-col-100 elementor-top-column elementor-element elementor-element-b970f8e\" data-id=\"b970f8e\" data-element_type=\"column\" data-e-type=\"column\">\n\t\t\t<div class=\"elementor-widget-wrap elementor-element-populated\">\n\t\t\t\t\t\t<div class=\"elementor-element elementor-element-374e9eb elementor-widget elementor-widget-button\" data-id=\"374e9eb\" data-element_type=\"widget\" data-e-type=\"widget\" data-widget_type=\"button.default\">\n\t\t\t\t<div class=\"elementor-widget-container\">\n\t\t\t\t\t\t\t\t\t<div class=\"elementor-button-wrapper\">\n\t\t\t\t\t<a class=\"elementor-button elementor-button-link elementor-size-sm\" href=\"http:\/\/fcn-rcn.ca\/fr\/join\/\">\n\t\t\t\t\t\t<span class=\"elementor-button-content-wrapper\">\n\t\t\t\t\t\t\t\t\t<span class=\"elementor-button-text\">Devenir membre<\/span>\n\t\t\t\t\t<\/span>\n\t\t\t\t\t<\/a>\n\t\t\t\t<\/div>\n\t\t\t\t\t\t\t\t<\/div>\n\t\t\t\t<\/div>\n\t\t\t\t\t<\/div>\n\t\t<\/div>\n\t\t\t\t\t<\/div>\n\t\t<\/section>\n\t\t\t\t<section class=\"elementor-section elementor-top-section elementor-element elementor-element-284a620 elementor-section-boxed elementor-section-height-default elementor-section-height-default\" data-id=\"284a620\" data-element_type=\"section\" data-e-type=\"section\">\n\t\t\t\t\t\t<div class=\"elementor-container elementor-column-gap-default\">\n\t\t\t\t\t<div class=\"elementor-column elementor-col-100 elementor-top-column elementor-element elementor-element-e859fe2\" data-id=\"e859fe2\" data-element_type=\"column\" data-e-type=\"column\">\n\t\t\t<div class=\"elementor-widget-wrap elementor-element-populated\">\n\t\t\t\t\t\t<div class=\"elementor-element elementor-element-1c1d43b elementor-widget elementor-widget-spacer\" data-id=\"1c1d43b\" data-element_type=\"widget\" data-e-type=\"widget\" data-widget_type=\"spacer.default\">\n\t\t\t\t<div class=\"elementor-widget-container\">\n\t\t\t\t\t\t\t<div class=\"elementor-spacer\">\n\t\t\t<div class=\"elementor-spacer-inner\"><\/div>\n\t\t<\/div>\n\t\t\t\t\t\t<\/div>\n\t\t\t\t<\/div>\n\t\t\t\t\t<\/div>\n\t\t<\/div>\n\t\t\t\t\t<\/div>\n\t\t<\/section>\n\t\t\t\t<section class=\"elementor-section elementor-top-section elementor-element elementor-element-915b32d elementor-section-boxed elementor-section-height-default elementor-section-height-default\" data-id=\"915b32d\" data-element_type=\"section\" data-e-type=\"section\">\n\t\t\t\t\t\t<div class=\"elementor-container elementor-column-gap-default\">\n\t\t\t\t\t<div class=\"elementor-column elementor-col-100 elementor-top-column elementor-element elementor-element-789d75a\" data-id=\"789d75a\" data-element_type=\"column\" data-e-type=\"column\">\n\t\t\t<div class=\"elementor-widget-wrap elementor-element-populated\">\n\t\t\t\t\t\t<div class=\"elementor-element elementor-element-61c8d29 elementor-widget elementor-widget-global elementor-global-2178 elementor-widget-text-editor\" data-id=\"61c8d29\" data-element_type=\"widget\" data-e-type=\"widget\" data-widget_type=\"text-editor.default\">\n\t\t\t\t<div class=\"elementor-widget-container\">\n\t\t\t\t\t\t\t\t\t<p style=\"text-align: right;\">Food Communities Network\u00a0 \u00a0|\u00a0 \u00a0R\u00e9seau Communaut\u00e9s nourrici\u00e8res\u00a0 \u00a0|\u00a0 \u00a02025<\/p>\t\t\t\t\t\t\t\t<\/div>\n\t\t\t\t<\/div>\n\t\t\t\t\t<\/div>\n\t\t<\/div>\n\t\t\t\t\t<\/div>\n\t\t<\/section>\n\t\t\t\t<\/div>","protected":false},"excerpt":{"rendered":"<p>Goals. Build resilient, food secure communities throughout Indigenous Territories\/Canada*.\u00a0 The path to this goal: Increase strategic alignment across food policy groups (FPGs), community networks and Indigenous, federal, provincial\/territorial and regional\/municipal government on approaches and action to reduce food insecurity and build food resilience. Increase ongoing commitment of, and resources from, governments towards community-based food planning, [&hellip;]<\/p>\n","protected":false},"author":2,"featured_media":0,"parent":24,"menu_order":2,"comment_status":"closed","ping_status":"closed","template":"","meta":{"_monsterinsights_skip_tracking":false,"_monsterinsights_sitenote_active":false,"_monsterinsights_sitenote_note":"","_monsterinsights_sitenote_category":0,"footnotes":""},"class_list":["post-323","page","type-page","status-publish","hentry"],"_links":{"self":[{"href":"https:\/\/fcn-rcn.ca\/fr\/wp-json\/wp\/v2\/pages\/323","targetHints":{"allow":["GET"]}}],"collection":[{"href":"https:\/\/fcn-rcn.ca\/fr\/wp-json\/wp\/v2\/pages"}],"about":[{"href":"https:\/\/fcn-rcn.ca\/fr\/wp-json\/wp\/v2\/types\/page"}],"author":[{"embeddable":true,"href":"https:\/\/fcn-rcn.ca\/fr\/wp-json\/wp\/v2\/users\/2"}],"replies":[{"embeddable":true,"href":"https:\/\/fcn-rcn.ca\/fr\/wp-json\/wp\/v2\/comments?post=323"}],"version-history":[{"count":54,"href":"https:\/\/fcn-rcn.ca\/fr\/wp-json\/wp\/v2\/pages\/323\/revisions"}],"predecessor-version":[{"id":2494,"href":"https:\/\/fcn-rcn.ca\/fr\/wp-json\/wp\/v2\/pages\/323\/revisions\/2494"}],"up":[{"embeddable":true,"href":"https:\/\/fcn-rcn.ca\/fr\/wp-json\/wp\/v2\/pages\/24"}],"wp:attachment":[{"href":"https:\/\/fcn-rcn.ca\/fr\/wp-json\/wp\/v2\/media?parent=323"}],"curies":[{"name":"wp","href":"https:\/\/api.w.org\/{rel}","templated":true}]}}