{"id":2169,"date":"2023-01-17T14:47:39","date_gmt":"2023-01-17T19:47:39","guid":{"rendered":"https:\/\/fcn-rcn.ca\/?page_id=2169"},"modified":"2026-03-24T17:40:51","modified_gmt":"2026-03-24T21:40:51","slug":"food-strategy-toolkit","status":"publish","type":"page","link":"https:\/\/fcn-rcn.ca\/fr\/food-strategy-toolkit\/","title":{"rendered":"D\u00e9velopper la strat\u00e9gie alimentaire de votre communaut\u00e9"},"content":{"rendered":"<div data-elementor-type=\"wp-page\" data-elementor-id=\"2169\" class=\"elementor elementor-2169\" data-elementor-post-type=\"page\">\n\t\t\t\t\t\t<section class=\"elementor-section elementor-top-section elementor-element elementor-element-bd0ca53 elementor-section-height-min-height elementor-section-content-middle elementor-section-boxed elementor-section-height-default elementor-section-items-middle\" data-id=\"bd0ca53\" data-element_type=\"section\" data-e-type=\"section\" data-settings=\"{&quot;background_background&quot;:&quot;classic&quot;}\">\n\t\t\t\t\t\t<div class=\"elementor-container elementor-column-gap-default\">\n\t\t\t\t\t<div class=\"elementor-column elementor-col-100 elementor-top-column elementor-element elementor-element-ba76dfc\" data-id=\"ba76dfc\" data-element_type=\"column\" data-e-type=\"column\">\n\t\t\t<div class=\"elementor-widget-wrap elementor-element-populated\">\n\t\t\t\t\t\t<div class=\"elementor-element elementor-element-b4d5693 elementor-widget-divider--view-line elementor-widget elementor-widget-global elementor-global-2175 elementor-widget-divider\" data-id=\"b4d5693\" data-element_type=\"widget\" data-e-type=\"widget\" data-widget_type=\"divider.default\">\n\t\t\t\t<div class=\"elementor-widget-container\">\n\t\t\t\t\t\t\t<div class=\"elementor-divider\">\n\t\t\t<span class=\"elementor-divider-separator\">\n\t\t\t\t\t\t<\/span>\n\t\t<\/div>\n\t\t\t\t\t\t<\/div>\n\t\t\t\t<\/div>\n\t\t\t\t<div class=\"elementor-element elementor-element-71ca983 elementor-widget elementor-widget-heading\" data-id=\"71ca983\" data-element_type=\"widget\" data-e-type=\"widget\" data-widget_type=\"heading.default\">\n\t\t\t\t<div class=\"elementor-widget-container\">\n\t\t\t\t\t<h1 class=\"elementor-heading-title elementor-size-large\"><b>D\u00e9velopper la strat\u00e9gie\nalimentaire de votre\ncommunaut\u00e9.<\/b><\/h1>\t\t\t\t<\/div>\n\t\t\t\t<\/div>\n\t\t\t\t\t<\/div>\n\t\t<\/div>\n\t\t\t\t\t<\/div>\n\t\t<\/section>\n\t\t\t\t<section class=\"elementor-section elementor-top-section elementor-element elementor-element-e5ac391 elementor-section-boxed elementor-section-height-default elementor-section-height-default\" data-id=\"e5ac391\" data-element_type=\"section\" data-e-type=\"section\">\n\t\t\t\t\t\t<div class=\"elementor-container elementor-column-gap-default\">\n\t\t\t\t\t<div class=\"elementor-column elementor-col-100 elementor-top-column elementor-element elementor-element-9139a5f\" data-id=\"9139a5f\" data-element_type=\"column\" data-e-type=\"column\">\n\t\t\t<div class=\"elementor-widget-wrap elementor-element-populated\">\n\t\t\t\t\t\t<div class=\"elementor-element elementor-element-3bfcf17 elementor-widget elementor-widget-image\" data-id=\"3bfcf17\" data-element_type=\"widget\" data-e-type=\"widget\" data-widget_type=\"image.default\">\n\t\t\t\t<div class=\"elementor-widget-container\">\n\t\t\t\t\t\t\t\t\t\t\t\t\t\t\t\t<a href=\"https:\/\/fcn-rcn.ca\/wp-content\/uploads\/2026\/03\/2025-10-FCN-RCN-Food-Strategy-Toolkit-v-FR.pdf\">\n\t\t\t\t\t\t\t<img fetchpriority=\"high\" decoding=\"async\" width=\"590\" height=\"1024\" src=\"https:\/\/fcn-rcn.ca\/wp-content\/uploads\/2026\/03\/toolkit-fr.jpg\" class=\"attachment-large size-large wp-image-2537\" alt=\"Food Strategy Toolkit\" srcset=\"https:\/\/fcn-rcn.ca\/wp-content\/uploads\/2026\/03\/toolkit-fr.jpg 1256w, https:\/\/fcn-rcn.ca\/wp-content\/uploads\/2026\/03\/toolkit-fr-175x300.jpg 175w, https:\/\/fcn-rcn.ca\/wp-content\/uploads\/2026\/03\/toolkit-fr-597x1024.jpg 597w, https:\/\/fcn-rcn.ca\/wp-content\/uploads\/2026\/03\/toolkit-fr-768x1317.jpg 768w, https:\/\/fcn-rcn.ca\/wp-content\/uploads\/2026\/03\/toolkit-fr-896x1536.jpg 896w, https:\/\/fcn-rcn.ca\/wp-content\/uploads\/2026\/03\/toolkit-fr-1194x2048.jpg 1194w, https:\/\/fcn-rcn.ca\/wp-content\/uploads\/2026\/03\/toolkit-fr-7x12.jpg 7w\" sizes=\"(max-width: 590px) 100vw, 590px\" \/>\t\t\t\t\t\t\t\t<\/a>\n\t\t\t\t\t\t\t\t\t\t\t\t\t\t\t<\/div>\n\t\t\t\t<\/div>\n\t\t\t\t<div class=\"elementor-element elementor-element-6e03e72 elementor-widget elementor-widget-text-editor\" data-id=\"6e03e72\" data-element_type=\"widget\" data-e-type=\"widget\" data-widget_type=\"text-editor.default\">\n\t\t\t\t<div class=\"elementor-widget-container\">\n\t\t\t\t\t\t\t\t\t<p>Cliquez ici pour t\u00e9l\u00e9charger <a href=\"https:\/\/fcn-rcn.ca\/wp-content\/uploads\/2026\/03\/2025-10-FCN-RCN-Food-Strategy-Toolkit-v-FR.pdf\">le guide au format PDF<\/a>.<\/p>\t\t\t\t\t\t\t\t<\/div>\n\t\t\t\t<\/div>\n\t\t\t\t\t<\/div>\n\t\t<\/div>\n\t\t\t\t\t<\/div>\n\t\t<\/section>\n\t\t\t\t<section class=\"elementor-section elementor-top-section elementor-element elementor-element-79ded17 elementor-section-boxed elementor-section-height-default elementor-section-height-default\" data-id=\"79ded17\" data-element_type=\"section\" data-e-type=\"section\">\n\t\t\t\t\t\t<div class=\"elementor-container elementor-column-gap-default\">\n\t\t\t\t\t<div class=\"elementor-column elementor-col-100 elementor-top-column elementor-element elementor-element-36547e4\" data-id=\"36547e4\" data-element_type=\"column\" data-e-type=\"column\">\n\t\t\t<div class=\"elementor-widget-wrap elementor-element-populated\">\n\t\t\t\t\t\t<div class=\"elementor-element elementor-element-7413c56 elementor-widget elementor-widget-spacer\" data-id=\"7413c56\" data-element_type=\"widget\" data-e-type=\"widget\" data-widget_type=\"spacer.default\">\n\t\t\t\t<div class=\"elementor-widget-container\">\n\t\t\t\t\t\t\t<div class=\"elementor-spacer\">\n\t\t\t<div class=\"elementor-spacer-inner\"><\/div>\n\t\t<\/div>\n\t\t\t\t\t\t<\/div>\n\t\t\t\t<\/div>\n\t\t\t\t<div class=\"elementor-element elementor-element-8eab29b elementor-widget elementor-widget-global elementor-global-2178 elementor-widget-text-editor\" data-id=\"8eab29b\" data-element_type=\"widget\" data-e-type=\"widget\" data-widget_type=\"text-editor.default\">\n\t\t\t\t<div class=\"elementor-widget-container\">\n\t\t\t\t\t\t\t\t\t<p style=\"text-align: right;\">Food Communities Network\u00a0 \u00a0|\u00a0 \u00a0R\u00e9seau Communaut\u00e9s nourrici\u00e8res\u00a0 \u00a0|\u00a0 \u00a02025<\/p>\t\t\t\t\t\t\t\t<\/div>\n\t\t\t\t<\/div>\n\t\t\t\t\t<\/div>\n\t\t<\/div>\n\t\t\t\t\t<\/div>\n\t\t<\/section>\n\t\t\t\t<\/div>","protected":false},"excerpt":{"rendered":"<p>Food Strategy Toolkit. Click here to download a PDF of the Toolkit. Food Communities Network\u00a0 \u00a0|\u00a0 \u00a0R\u00e9seau Communaut\u00e9s nourrici\u00e8res\u00a0 \u00a0|\u00a0 \u00a02025<\/p>","protected":false},"author":7,"featured_media":0,"parent":0,"menu_order":0,"comment_status":"closed","ping_status":"closed","template":"","meta":{"_monsterinsights_skip_tracking":false,"_monsterinsights_sitenote_active":false,"_monsterinsights_sitenote_note":"","_monsterinsights_sitenote_category":0,"footnotes":""},"class_list":["post-2169","page","type-page","status-publish","hentry"],"_links":{"self":[{"href":"https:\/\/fcn-rcn.ca\/fr\/wp-json\/wp\/v2\/pages\/2169","targetHints":{"allow":["GET"]}}],"collection":[{"href":"https:\/\/fcn-rcn.ca\/fr\/wp-json\/wp\/v2\/pages"}],"about":[{"href":"https:\/\/fcn-rcn.ca\/fr\/wp-json\/wp\/v2\/types\/page"}],"author":[{"embeddable":true,"href":"https:\/\/fcn-rcn.ca\/fr\/wp-json\/wp\/v2\/users\/7"}],"replies":[{"embeddable":true,"href":"https:\/\/fcn-rcn.ca\/fr\/wp-json\/wp\/v2\/comments?post=2169"}],"version-history":[{"count":22,"href":"https:\/\/fcn-rcn.ca\/fr\/wp-json\/wp\/v2\/pages\/2169\/revisions"}],"predecessor-version":[{"id":2540,"href":"https:\/\/fcn-rcn.ca\/fr\/wp-json\/wp\/v2\/pages\/2169\/revisions\/2540"}],"wp:attachment":[{"href":"https:\/\/fcn-rcn.ca\/fr\/wp-json\/wp\/v2\/media?parent=2169"}],"curies":[{"name":"wp","href":"https:\/\/api.w.org\/{rel}","templated":true}]}}