{"id":196,"date":"2020-05-07T15:43:12","date_gmt":"2020-05-07T19:43:12","guid":{"rendered":"http:\/\/fcn-rcn.ca\/?page_id=196"},"modified":"2025-04-02T18:55:34","modified_gmt":"2025-04-02T22:55:34","slug":"join","status":"publish","type":"page","link":"https:\/\/fcn-rcn.ca\/fr\/join\/","title":{"rendered":"Joindre FCN-RCN"},"content":{"rendered":"<div data-elementor-type=\"wp-page\" data-elementor-id=\"196\" class=\"elementor elementor-196\" data-elementor-post-type=\"page\">\n\t\t\t\t\t\t<section class=\"elementor-section elementor-top-section elementor-element elementor-element-18f0edf elementor-section-boxed elementor-section-height-default elementor-section-height-default\" data-id=\"18f0edf\" data-element_type=\"section\" data-e-type=\"section\">\n\t\t\t\t\t\t<div class=\"elementor-container elementor-column-gap-default\">\n\t\t\t\t\t<div class=\"elementor-column elementor-col-100 elementor-top-column elementor-element elementor-element-9d52911\" data-id=\"9d52911\" data-element_type=\"column\" data-e-type=\"column\">\n\t\t\t<div class=\"elementor-widget-wrap\">\n\t\t\t\t\t\t\t<\/div>\n\t\t<\/div>\n\t\t\t\t\t<\/div>\n\t\t<\/section>\n\t\t\t\t<section class=\"elementor-section elementor-top-section elementor-element elementor-element-e6be6d3 elementor-section-height-min-height elementor-section-content-middle elementor-section-boxed elementor-section-height-default elementor-section-items-middle\" data-id=\"e6be6d3\" data-element_type=\"section\" data-e-type=\"section\" data-settings=\"{&quot;background_background&quot;:&quot;classic&quot;}\">\n\t\t\t\t\t\t<div class=\"elementor-container elementor-column-gap-default\">\n\t\t\t\t\t<div class=\"elementor-column elementor-col-33 elementor-top-column elementor-element elementor-element-69689d7f\" data-id=\"69689d7f\" data-element_type=\"column\" data-e-type=\"column\">\n\t\t\t<div class=\"elementor-widget-wrap elementor-element-populated\">\n\t\t\t\t\t\t<div class=\"elementor-element elementor-element-4ebb677b elementor-widget-divider--view-line elementor-widget elementor-widget-divider\" data-id=\"4ebb677b\" data-element_type=\"widget\" data-e-type=\"widget\" data-widget_type=\"divider.default\">\n\t\t\t\t<div class=\"elementor-widget-container\">\n\t\t\t\t\t\t\t<div class=\"elementor-divider\">\n\t\t\t<span class=\"elementor-divider-separator\">\n\t\t\t\t\t\t<\/span>\n\t\t<\/div>\n\t\t\t\t\t\t<\/div>\n\t\t\t\t<\/div>\n\t\t\t\t<div class=\"elementor-element elementor-element-33321bf elementor-widget elementor-widget-heading\" data-id=\"33321bf\" data-element_type=\"widget\" data-e-type=\"widget\" data-widget_type=\"heading.default\">\n\t\t\t\t<div class=\"elementor-widget-container\">\n\t\t\t\t\t<h2 class=\"elementor-heading-title elementor-size-default\"><b>Joignez-vous au FCN-RCN<\/b><\/h2>\t\t\t\t<\/div>\n\t\t\t\t<\/div>\n\t\t\t\t<div class=\"elementor-element elementor-element-856146d elementor-align-left elementor-tablet-align-center elementor-mobile-align-center elementor-widget elementor-widget-button\" data-id=\"856146d\" data-element_type=\"widget\" data-e-type=\"widget\" data-widget_type=\"button.default\">\n\t\t\t\t<div class=\"elementor-widget-container\">\n\t\t\t\t\t\t\t\t\t<div class=\"elementor-button-wrapper\">\n\t\t\t\t\t<a class=\"elementor-button elementor-button-link elementor-size-sm\" href=\"https:\/\/docs.google.com\/forms\/d\/e\/1FAIpQLSdq6HhHxey-Xuv3aGFnooLgAlMa9z6xGxJWgZLVQlIsVQETXQ\/viewform\">\n\t\t\t\t\t\t<span class=\"elementor-button-content-wrapper\">\n\t\t\t\t\t\t\t\t\t<span class=\"elementor-button-text\">Joindre<\/span>\n\t\t\t\t\t<\/span>\n\t\t\t\t\t<\/a>\n\t\t\t\t<\/div>\n\t\t\t\t\t\t\t\t<\/div>\n\t\t\t\t<\/div>\n\t\t\t\t\t<\/div>\n\t\t<\/div>\n\t\t\t\t<div class=\"elementor-column elementor-col-66 elementor-top-column elementor-element elementor-element-525b1f38\" data-id=\"525b1f38\" data-element_type=\"column\" data-e-type=\"column\">\n\t\t\t<div class=\"elementor-widget-wrap\">\n\t\t\t\t\t\t\t<\/div>\n\t\t<\/div>\n\t\t\t\t\t<\/div>\n\t\t<\/section>\n\t\t\t\t<section class=\"elementor-section elementor-top-section elementor-element elementor-element-84197a5 elementor-section-boxed elementor-section-height-default elementor-section-height-default\" data-id=\"84197a5\" data-element_type=\"section\" data-e-type=\"section\">\n\t\t\t\t\t\t<div class=\"elementor-container elementor-column-gap-default\">\n\t\t\t\t\t<div class=\"elementor-column elementor-col-50 elementor-top-column elementor-element elementor-element-3df1a29\" data-id=\"3df1a29\" data-element_type=\"column\" data-e-type=\"column\">\n\t\t\t<div class=\"elementor-widget-wrap elementor-element-populated\">\n\t\t\t\t\t\t<div class=\"elementor-element elementor-element-c0c0cf2 elementor-widget elementor-widget-spacer\" data-id=\"c0c0cf2\" data-element_type=\"widget\" data-e-type=\"widget\" data-widget_type=\"spacer.default\">\n\t\t\t\t<div class=\"elementor-widget-container\">\n\t\t\t\t\t\t\t<div class=\"elementor-spacer\">\n\t\t\t<div class=\"elementor-spacer-inner\"><\/div>\n\t\t<\/div>\n\t\t\t\t\t\t<\/div>\n\t\t\t\t<\/div>\n\t\t\t\t<div class=\"elementor-element elementor-element-b06ec65 elementor-widget elementor-widget-heading\" data-id=\"b06ec65\" data-element_type=\"widget\" data-e-type=\"widget\" data-widget_type=\"heading.default\">\n\t\t\t\t<div class=\"elementor-widget-container\">\n\t\t\t\t\t<h2 class=\"elementor-heading-title elementor-size-default\">Pourquoi devenir membre?<\/h2>\t\t\t\t<\/div>\n\t\t\t\t<\/div>\n\t\t\t\t\t<\/div>\n\t\t<\/div>\n\t\t\t\t<div class=\"elementor-column elementor-col-50 elementor-top-column elementor-element elementor-element-a1d42c3\" data-id=\"a1d42c3\" data-element_type=\"column\" data-e-type=\"column\">\n\t\t\t<div class=\"elementor-widget-wrap elementor-element-populated\">\n\t\t\t\t\t\t<div class=\"elementor-element elementor-element-b4c4669 elementor-widget elementor-widget-spacer\" data-id=\"b4c4669\" data-element_type=\"widget\" data-e-type=\"widget\" data-widget_type=\"spacer.default\">\n\t\t\t\t<div class=\"elementor-widget-container\">\n\t\t\t\t\t\t\t<div class=\"elementor-spacer\">\n\t\t\t<div class=\"elementor-spacer-inner\"><\/div>\n\t\t<\/div>\n\t\t\t\t\t\t<\/div>\n\t\t\t\t<\/div>\n\t\t\t\t<div class=\"elementor-element elementor-element-35443a6 elementor-widget elementor-widget-heading\" data-id=\"35443a6\" data-element_type=\"widget\" data-e-type=\"widget\" data-widget_type=\"heading.default\">\n\t\t\t\t<div class=\"elementor-widget-container\">\n\t\t\t\t\t<h2 class=\"elementor-heading-title elementor-size-default\">Qui peut devenir membre?<\/h2>\t\t\t\t<\/div>\n\t\t\t\t<\/div>\n\t\t\t\t\t<\/div>\n\t\t<\/div>\n\t\t\t\t\t<\/div>\n\t\t<\/section>\n\t\t\t\t<section class=\"elementor-section elementor-top-section elementor-element elementor-element-ac900fe elementor-section-boxed elementor-section-height-default elementor-section-height-default\" data-id=\"ac900fe\" data-element_type=\"section\" data-e-type=\"section\">\n\t\t\t\t\t\t<div class=\"elementor-container elementor-column-gap-default\">\n\t\t\t\t\t<div class=\"elementor-column elementor-col-50 elementor-top-column elementor-element elementor-element-12af391\" data-id=\"12af391\" data-element_type=\"column\" data-e-type=\"column\">\n\t\t\t<div class=\"elementor-widget-wrap elementor-element-populated\">\n\t\t\t\t\t\t<div class=\"elementor-element elementor-element-02be361 elementor-widget elementor-widget-text-editor\" data-id=\"02be361\" data-element_type=\"widget\" data-e-type=\"widget\" data-widget_type=\"text-editor.default\">\n\t\t\t\t<div class=\"elementor-widget-container\">\n\t\t\t\t\t\t\t\t\t<ul><li style=\"font-weight: 400;\" aria-level=\"1\"><span style=\"font-weight: 400;\">Vous travaillez sur les politiques et les actions alimentaires \u00e0 l\u2019\u00e9chelle de la communaut\u00e9.<\/span><\/li><li style=\"font-weight: 400;\" aria-level=\"1\"><span style=\"font-weight: 400;\">Vous souhaitez partager vos id\u00e9es, vos connaissances et votre expertise et apprendre des autres.<\/span><\/li><li style=\"font-weight: 400;\" aria-level=\"1\"><span style=\"font-weight: 400;\">Vous voulez nouer des liens avec d\u2019autres intervenants du milieu de l\u2019alimentation communautaire.<\/span><\/li><\/ul><p>\u00a0<\/p><h4>En tant que membre, vous aurez acc\u00e8s:<\/h4><ul style=\"font-size: 16px; background-color: #ffffff;\"><li style=\"font-size: 16px;\" aria-level=\"1\">Au bulletin<\/li><li style=\"font-size: 16px;\" aria-level=\"1\">\u00c0 des \u00e9v\u00e8nements et webinaires en ligne<\/li><li style=\"font-size: 16px;\" aria-level=\"1\">Une base de donn\u00e9es de solutions de la part de la communaut\u00e9 alimentaire<\/li><li style=\"font-size: 16px;\" aria-level=\"1\">Un appui pour le d\u00e9veloppement de strat\u00e9gies alimentaires<\/li><li style=\"font-size: 16px;\" aria-level=\"1\">Des rapports sommaires\u00a0<\/li><\/ul><ul style=\"font-size: 16px; background-color: #ffffff;\"><li style=\"font-size: 16px;\" aria-level=\"1\">Des occasions de r\u00e9seautage<\/li><li style=\"font-size: 16px;\" aria-level=\"1\">Un r\u00e9pertoire des membres<\/li><li style=\"font-size: 16px;\" aria-level=\"1\">De l\u2019encadrement par les pairs<\/li><li style=\"font-size: 16px;\" aria-level=\"1\">Des occasions de financement<\/li><li style=\"font-size: 16px;\" aria-level=\"1\">Des ressources et des outils<\/li><\/ul><p>\u00a0<\/p>\t\t\t\t\t\t\t\t<\/div>\n\t\t\t\t<\/div>\n\t\t\t\t\t<\/div>\n\t\t<\/div>\n\t\t\t\t<div class=\"elementor-column elementor-col-50 elementor-top-column elementor-element elementor-element-1d909b4\" data-id=\"1d909b4\" data-element_type=\"column\" data-e-type=\"column\">\n\t\t\t<div class=\"elementor-widget-wrap elementor-element-populated\">\n\t\t\t\t\t\t<div class=\"elementor-element elementor-element-d609f79 elementor-widget elementor-widget-text-editor\" data-id=\"d609f79\" data-element_type=\"widget\" data-e-type=\"widget\" data-widget_type=\"text-editor.default\">\n\t\t\t\t<div class=\"elementor-widget-container\">\n\t\t\t\t\t\t\t\t\t<ul><li style=\"font-weight: 400;\" aria-level=\"1\"><span style=\"font-weight: 400;\">Vous devez \u00eatre un participant d\u2019un groupe, d\u2019une organisation ou d\u2019une institution (formel ou informel) qui travaille sur les enjeux alimentaires \u00e0 l\u2019\u00e9chelle communautaire, au sein de collectivit\u00e9s autochtones, rurales, urbaines ou \u00e9loign\u00e9es, y compris:<\/span><ul><li style=\"font-weight: 400;\" aria-level=\"2\"><span style=\"font-weight: 400;\">Groupes de politiques alimentaires (GPA)* \u0153uvrant \u00e0 l\u2019\u00e9chelle locale (de fa\u00e7on formelle ou informelle)<\/span><\/li><li style=\"font-weight: 400;\" aria-level=\"2\"><span style=\"font-weight: 400;\">Le personnel et les leaders des tables de gouvernance autochtones et colons\u00a0<\/span><\/li><li style=\"font-weight: 400;\" aria-level=\"2\"><span style=\"font-weight: 400;\">Les travailleurs de la sant\u00e9 publique<\/span><\/li><li style=\"font-weight: 400;\" aria-level=\"2\"><span style=\"font-weight: 400;\">Les groupes \u00e0 vocation sociale, communautaire, \u00e0 but non lucratif qui \u0153uvrent au sein des syst\u00e8mes alimentaires ou sur les questions de gouvernance<\/span><\/li><\/ul><\/li><li style=\"font-weight: 400;\"><span style=\"font-weight: 400;\">Vous avez une exp\u00e9rience d\u2019engagement communautaire, de b\u00e9n\u00e9volat et\/ou professionnelle travaillant sur les composantes de la r\u00e9silience des syst\u00e8mes alimentaires au niveau communautaire\/r\u00e9gional. <\/span><\/li><li style=\"font-weight: 400;\"><span style=\"font-weight: 400;\">Vous avez le sens de la mobilisation communautaire ou du b\u00e9n\u00e9volat, ou vous poss\u00e9dez une exp\u00e9rience professionnelle en mati\u00e8re des \u00e9l\u00e9ments sur la r\u00e9silience des syst\u00e8mes alimentaires \u00e0 l\u2019\u00e9chelle communautaire ou r\u00e9gionale.\u00a0<\/span><\/li><li style=\"font-weight: 400;\"><span style=\"font-weight: 400;\">Le r\u00e9seau n\u2019est rien sans ses membres. En vous joignant \u00e0 nous, vous choisissez de:<\/span><ul><li style=\"font-weight: 400;\" aria-level=\"2\"><span style=\"font-weight: 400;\">Participer aux activit\u00e9s du FCN-RCN dans la mesure du possible.<\/span><\/li><li style=\"font-weight: 400;\" aria-level=\"2\"><span style=\"font-weight: 400;\">Partager vos connaissances ou les informations de votre groupe avec le r\u00e9seau et partager les ressources du r\u00e9seau avec votre collectivit\u00e9.<\/span><\/li><\/ul><\/li><\/ul><div>\u00a0<\/div><p><i><span style=\"font-weight: 400;\">*Si vous \u00eates un individu qui n\u2019est pas mobilis\u00e9 dans un groupe ou un organisme local, nous vous encourageons \u00e0:<\/span><\/i><\/p><ul><li><span style=\"font-weight: 400;\">cr\u00e9er des liens avec votre <a href=\"http:\/\/fcn-rcn.ca\/fr\/resources\/\">groupe de politiques alimentaires local<\/a> ou un avec autre organisme local dans votre r\u00e9gion, ou encore fondez votre propre groupe ou organisme (nous pouvons vous aider).<\/span><\/li><li><span style=\"font-weight: 400;\">\u2013 vous inscrire en tant que membre associ\u00e9 afin de recevoir le bulletin \u00e9lectronique et des occasions de collaborer \u00e0 des projets pertinents. (Les membres associ\u00e9s peuvent \u00eatre des universitaires, des groupes ou r\u00e9seaux \u00e0 l\u2019\u00e9chelle provinciale, des individus, etc.)<\/span><\/li><\/ul>\t\t\t\t\t\t\t\t<\/div>\n\t\t\t\t<\/div>\n\t\t\t\t\t<\/div>\n\t\t<\/div>\n\t\t\t\t\t<\/div>\n\t\t<\/section>\n\t\t\t\t<section class=\"elementor-section elementor-top-section elementor-element elementor-element-dbe2525 elementor-section-boxed elementor-section-height-default elementor-section-height-default\" data-id=\"dbe2525\" data-element_type=\"section\" data-e-type=\"section\">\n\t\t\t\t\t\t<div class=\"elementor-container elementor-column-gap-default\">\n\t\t\t\t\t<div class=\"elementor-column elementor-col-100 elementor-top-column elementor-element elementor-element-4e2f2d1\" data-id=\"4e2f2d1\" data-element_type=\"column\" data-e-type=\"column\">\n\t\t\t<div class=\"elementor-widget-wrap elementor-element-populated\">\n\t\t\t\t\t\t<div class=\"elementor-element elementor-element-d6a53b9 elementor-widget elementor-widget-spacer\" data-id=\"d6a53b9\" data-element_type=\"widget\" data-e-type=\"widget\" data-widget_type=\"spacer.default\">\n\t\t\t\t<div class=\"elementor-widget-container\">\n\t\t\t\t\t\t\t<div class=\"elementor-spacer\">\n\t\t\t<div class=\"elementor-spacer-inner\"><\/div>\n\t\t<\/div>\n\t\t\t\t\t\t<\/div>\n\t\t\t\t<\/div>\n\t\t\t\t<div class=\"elementor-element elementor-element-7a5d34d elementor-align-center elementor-tablet-align-center elementor-mobile-align-center elementor-widget elementor-widget-button\" data-id=\"7a5d34d\" data-element_type=\"widget\" data-e-type=\"widget\" data-widget_type=\"button.default\">\n\t\t\t\t<div class=\"elementor-widget-container\">\n\t\t\t\t\t\t\t\t\t<div class=\"elementor-button-wrapper\">\n\t\t\t\t\t<a class=\"elementor-button elementor-button-link elementor-size-sm\" href=\"https:\/\/docs.google.com\/forms\/d\/e\/1FAIpQLSdq6HhHxey-Xuv3aGFnooLgAlMa9z6xGxJWgZLVQlIsVQETXQ\/viewform\">\n\t\t\t\t\t\t<span class=\"elementor-button-content-wrapper\">\n\t\t\t\t\t\t\t\t\t<span class=\"elementor-button-text\">Joindre<\/span>\n\t\t\t\t\t<\/span>\n\t\t\t\t\t<\/a>\n\t\t\t\t<\/div>\n\t\t\t\t\t\t\t\t<\/div>\n\t\t\t\t<\/div>\n\t\t\t\t\t<\/div>\n\t\t<\/div>\n\t\t\t\t\t<\/div>\n\t\t<\/section>\n\t\t\t\t<section class=\"elementor-section elementor-top-section elementor-element elementor-element-1e776b12 elementor-section-boxed elementor-section-height-default elementor-section-height-default\" data-id=\"1e776b12\" data-element_type=\"section\" data-e-type=\"section\">\n\t\t\t\t\t\t<div class=\"elementor-container elementor-column-gap-default\">\n\t\t\t\t\t<div class=\"elementor-column elementor-col-100 elementor-top-column elementor-element elementor-element-22a39b2f\" data-id=\"22a39b2f\" data-element_type=\"column\" data-e-type=\"column\">\n\t\t\t<div class=\"elementor-widget-wrap elementor-element-populated\">\n\t\t\t\t\t\t<div class=\"elementor-element elementor-element-fcc3189 elementor-widget elementor-widget-spacer\" data-id=\"fcc3189\" data-element_type=\"widget\" data-e-type=\"widget\" data-widget_type=\"spacer.default\">\n\t\t\t\t<div class=\"elementor-widget-container\">\n\t\t\t\t\t\t\t<div class=\"elementor-spacer\">\n\t\t\t<div class=\"elementor-spacer-inner\"><\/div>\n\t\t<\/div>\n\t\t\t\t\t\t<\/div>\n\t\t\t\t<\/div>\n\t\t\t\t\t<\/div>\n\t\t<\/div>\n\t\t\t\t\t<\/div>\n\t\t<\/section>\n\t\t\t\t<section class=\"elementor-section elementor-top-section elementor-element elementor-element-60f6d3a elementor-section-boxed elementor-section-height-default elementor-section-height-default\" data-id=\"60f6d3a\" data-element_type=\"section\" data-e-type=\"section\">\n\t\t\t\t\t\t<div class=\"elementor-container elementor-column-gap-default\">\n\t\t\t\t\t<div class=\"elementor-column elementor-col-100 elementor-top-column elementor-element elementor-element-491aa33\" data-id=\"491aa33\" data-element_type=\"column\" data-e-type=\"column\">\n\t\t\t<div class=\"elementor-widget-wrap elementor-element-populated\">\n\t\t\t\t\t\t<div class=\"elementor-element elementor-element-0a30c80 elementor-widget elementor-widget-global elementor-global-2178 elementor-widget-text-editor\" data-id=\"0a30c80\" data-element_type=\"widget\" data-e-type=\"widget\" data-widget_type=\"text-editor.default\">\n\t\t\t\t<div class=\"elementor-widget-container\">\n\t\t\t\t\t\t\t\t\t<p style=\"text-align: right;\">Food Communities Network\u00a0 \u00a0|\u00a0 \u00a0R\u00e9seau Communaut\u00e9s nourrici\u00e8res\u00a0 \u00a0|\u00a0 \u00a02025<\/p>\t\t\t\t\t\t\t\t<\/div>\n\t\t\t\t<\/div>\n\t\t\t\t\t<\/div>\n\t\t<\/div>\n\t\t\t\t\t<\/div>\n\t\t<\/section>\n\t\t\t\t<\/div>","protected":false},"excerpt":{"rendered":"<p>Join our network. JOIN Why join? Who can join? You work on food policy and action at a community-wide level You want to share your ideas, knowledge and expertise, and learn from others. You want to connect with other community food practitioners. \u00a0 As a member, you will have access to: Newsletter Online events, webinars [&hellip;]<\/p>\n","protected":false},"author":5,"featured_media":0,"parent":0,"menu_order":0,"comment_status":"closed","ping_status":"closed","template":"","meta":{"_monsterinsights_skip_tracking":false,"_monsterinsights_sitenote_active":false,"_monsterinsights_sitenote_note":"","_monsterinsights_sitenote_category":0,"footnotes":""},"class_list":["post-196","page","type-page","status-publish","hentry"],"_links":{"self":[{"href":"https:\/\/fcn-rcn.ca\/fr\/wp-json\/wp\/v2\/pages\/196","targetHints":{"allow":["GET"]}}],"collection":[{"href":"https:\/\/fcn-rcn.ca\/fr\/wp-json\/wp\/v2\/pages"}],"about":[{"href":"https:\/\/fcn-rcn.ca\/fr\/wp-json\/wp\/v2\/types\/page"}],"author":[{"embeddable":true,"href":"https:\/\/fcn-rcn.ca\/fr\/wp-json\/wp\/v2\/users\/5"}],"replies":[{"embeddable":true,"href":"https:\/\/fcn-rcn.ca\/fr\/wp-json\/wp\/v2\/comments?post=196"}],"version-history":[{"count":77,"href":"https:\/\/fcn-rcn.ca\/fr\/wp-json\/wp\/v2\/pages\/196\/revisions"}],"predecessor-version":[{"id":2427,"href":"https:\/\/fcn-rcn.ca\/fr\/wp-json\/wp\/v2\/pages\/196\/revisions\/2427"}],"wp:attachment":[{"href":"https:\/\/fcn-rcn.ca\/fr\/wp-json\/wp\/v2\/media?parent=196"}],"curies":[{"name":"wp","href":"https:\/\/api.w.org\/{rel}","templated":true}]}}