{"id":131,"date":"2020-05-06T16:56:36","date_gmt":"2020-05-06T20:56:36","guid":{"rendered":"http:\/\/fcn-rcn.ca\/?page_id=131"},"modified":"2025-10-08T12:27:44","modified_gmt":"2025-10-08T16:27:44","slug":"home","status":"publish","type":"page","link":"https:\/\/fcn-rcn.ca\/fr\/","title":{"rendered":"Home"},"content":{"rendered":"<div data-elementor-type=\"wp-page\" data-elementor-id=\"131\" class=\"elementor elementor-131\" data-elementor-post-type=\"page\">\n\t\t\t\t\t\t<section class=\"elementor-section elementor-top-section elementor-element elementor-element-34e05719 elementor-section-height-min-height elementor-section-content-middle elementor-section-boxed elementor-section-height-default elementor-section-items-middle\" data-id=\"34e05719\" data-element_type=\"section\" data-e-type=\"section\" data-settings=\"{&quot;background_background&quot;:&quot;classic&quot;}\">\n\t\t\t\t\t\t<div class=\"elementor-container elementor-column-gap-default\">\n\t\t\t\t\t<div class=\"elementor-column elementor-col-50 elementor-top-column elementor-element elementor-element-5324cc95\" data-id=\"5324cc95\" data-element_type=\"column\" data-e-type=\"column\">\n\t\t\t<div class=\"elementor-widget-wrap elementor-element-populated\">\n\t\t\t\t\t\t<div class=\"elementor-element elementor-element-612b31a2 elementor-widget-divider--view-line elementor-widget elementor-widget-divider\" data-id=\"612b31a2\" data-element_type=\"widget\" data-e-type=\"widget\" data-widget_type=\"divider.default\">\n\t\t\t\t<div class=\"elementor-widget-container\">\n\t\t\t\t\t\t\t<div class=\"elementor-divider\">\n\t\t\t<span class=\"elementor-divider-separator\">\n\t\t\t\t\t\t<\/span>\n\t\t<\/div>\n\t\t\t\t\t\t<\/div>\n\t\t\t\t<\/div>\n\t\t\t\t<div class=\"elementor-element elementor-element-1145c7b4 elementor-widget elementor-widget-heading\" data-id=\"1145c7b4\" data-element_type=\"widget\" data-e-type=\"widget\" data-widget_type=\"heading.default\">\n\t\t\t\t<div class=\"elementor-widget-container\">\n\t\t\t\t\t<h1 class=\"elementor-heading-title elementor-size-large\"><b>Bienvenue au R\u00e9seau Communaut\u00e9s Nourrici\u00e8res<\/b><\/h1>\t\t\t\t<\/div>\n\t\t\t\t<\/div>\n\t\t\t\t<div class=\"elementor-element elementor-element-4dcfe9fa elementor-widget elementor-widget-text-editor\" data-id=\"4dcfe9fa\" data-element_type=\"widget\" data-e-type=\"widget\" data-widget_type=\"text-editor.default\">\n\t\t\t\t<div class=\"elementor-widget-container\">\n\t\t\t\t\t\t\t\t\t<p><span style=\"font-weight: 400\">Le R\u00e9seau Communaut\u00e9s Nourrici\u00e8res \u2014 Food Communities Network (FCN-RCN) encourage le partage d\u2019id\u00e9es, de connaissances, d\u2019outils et d\u2019exp\u00e9rience en vue de renforcer la r\u00e9silience alimentaire et d\u2019enrayer l\u2019ins\u00e9curit\u00e9 alimentaire tout en rassemblant un grand nombre de communaut\u00e9s diverses d\u2019un oc\u00e9an \u00e0 l\u2019autre.<\/span><\/p>\t\t\t\t\t\t\t\t<\/div>\n\t\t\t\t<\/div>\n\t\t\t\t\t<\/div>\n\t\t<\/div>\n\t\t\t\t<div class=\"elementor-column elementor-col-50 elementor-top-column elementor-element elementor-element-621a8331\" data-id=\"621a8331\" data-element_type=\"column\" data-e-type=\"column\">\n\t\t\t<div class=\"elementor-widget-wrap elementor-element-populated\">\n\t\t\t\t\t\t<div class=\"elementor-element elementor-element-7f94826 elementor-widget elementor-widget-image\" data-id=\"7f94826\" data-element_type=\"widget\" data-e-type=\"widget\" data-widget_type=\"image.default\">\n\t\t\t\t<div class=\"elementor-widget-container\">\n\t\t\t\t\t\t\t\t\t\t\t\t\t\t\t<img fetchpriority=\"high\" decoding=\"async\" width=\"300\" height=\"300\" src=\"https:\/\/fcn-rcn.ca\/wp-content\/uploads\/2025\/10\/Untitled-design-3-300x300.png\" class=\"attachment-medium size-medium wp-image-2463\" alt=\"\" srcset=\"https:\/\/fcn-rcn.ca\/wp-content\/uploads\/2025\/10\/Untitled-design-3-300x300.png 300w, https:\/\/fcn-rcn.ca\/wp-content\/uploads\/2025\/10\/Untitled-design-3-1024x1024.png 1024w, https:\/\/fcn-rcn.ca\/wp-content\/uploads\/2025\/10\/Untitled-design-3-150x150.png 150w, https:\/\/fcn-rcn.ca\/wp-content\/uploads\/2025\/10\/Untitled-design-3-768x768.png 768w, https:\/\/fcn-rcn.ca\/wp-content\/uploads\/2025\/10\/Untitled-design-3-1536x1536.png 1536w, https:\/\/fcn-rcn.ca\/wp-content\/uploads\/2025\/10\/Untitled-design-3-2048x2048.png 2048w, https:\/\/fcn-rcn.ca\/wp-content\/uploads\/2025\/10\/Untitled-design-3-12x12.png 12w\" sizes=\"(max-width: 300px) 100vw, 300px\" \/>\t\t\t\t\t\t\t\t\t\t\t\t\t\t\t<\/div>\n\t\t\t\t<\/div>\n\t\t\t\t<div class=\"elementor-element elementor-element-0669153 elementor-widget elementor-widget-button\" data-id=\"0669153\" data-element_type=\"widget\" data-e-type=\"widget\" data-widget_type=\"button.default\">\n\t\t\t\t<div class=\"elementor-widget-container\">\n\t\t\t\t\t\t\t\t\t<div class=\"elementor-button-wrapper\">\n\t\t\t\t\t<a class=\"elementor-button elementor-button-link elementor-size-sm\" href=\"https:\/\/fcn-rcn.ca\/fr\/about-us\/\">\n\t\t\t\t\t\t<span class=\"elementor-button-content-wrapper\">\n\t\t\t\t\t\t<span class=\"elementor-button-icon\">\n\t\t\t\t<i aria-hidden=\"true\" class=\"fas fa-angle-double-right\"><\/i>\t\t\t<\/span>\n\t\t\t\t\t\t\t\t\t<span class=\"elementor-button-text\">En savoir plus<\/span>\n\t\t\t\t\t<\/span>\n\t\t\t\t\t<\/a>\n\t\t\t\t<\/div>\n\t\t\t\t\t\t\t\t<\/div>\n\t\t\t\t<\/div>\n\t\t\t\t\t<\/div>\n\t\t<\/div>\n\t\t\t\t\t<\/div>\n\t\t<\/section>\n\t\t\t\t<section class=\"elementor-section elementor-top-section elementor-element elementor-element-566dc90 elementor-section-boxed elementor-section-height-default elementor-section-height-default\" data-id=\"566dc90\" data-element_type=\"section\" data-e-type=\"section\">\n\t\t\t\t\t\t<div class=\"elementor-container elementor-column-gap-default\">\n\t\t\t\t\t<div class=\"elementor-column elementor-col-100 elementor-top-column elementor-element elementor-element-8378ee5\" data-id=\"8378ee5\" data-element_type=\"column\" data-e-type=\"column\">\n\t\t\t<div class=\"elementor-widget-wrap elementor-element-populated\">\n\t\t\t\t\t\t<div class=\"elementor-element elementor-element-0f32801 elementor-widget elementor-widget-spacer\" data-id=\"0f32801\" data-element_type=\"widget\" data-e-type=\"widget\" data-widget_type=\"spacer.default\">\n\t\t\t\t<div class=\"elementor-widget-container\">\n\t\t\t\t\t\t\t<div class=\"elementor-spacer\">\n\t\t\t<div class=\"elementor-spacer-inner\"><\/div>\n\t\t<\/div>\n\t\t\t\t\t\t<\/div>\n\t\t\t\t<\/div>\n\t\t\t\t<div class=\"elementor-element elementor-element-63995ae elementor-widget elementor-widget-text-editor\" data-id=\"63995ae\" data-element_type=\"widget\" data-e-type=\"widget\" data-widget_type=\"text-editor.default\">\n\t\t\t\t<div class=\"elementor-widget-container\">\n\t\t\t\t\t\t\t\t\t<p><span style=\"font-weight: 400\">FCN-RCN permet d\u2019\u00e9tablir des liens entre quatre groupes d\u2019acteurs qui d\u00e9veloppent des solutions communautaires dans leurs villes, villages, municipalit\u00e9s et r\u00e9gions, que ces derniers soient grands, petits, ruraux ou \u00e9loign\u00e9s :\u00a0<\/span><\/p><ul><li style=\"font-weight: 400\"><span style=\"font-weight: 400\">Groupes de politiques alimentaires (GPA)* \u0153uvrant \u00e0 l\u2019\u00e9chelle locale (de fa\u00e7on formelle ou informelle)<\/span><\/li><li style=\"font-weight: 400\"><span style=\"font-weight: 400\">Le personnel et les leaders des tables de gouvernance autochtones et colons\u00a0<\/span><\/li><li style=\"font-weight: 400\"><span style=\"font-weight: 400\">Les travailleurs de la sant\u00e9 publique<\/span><\/li><li style=\"font-weight: 400\"><span style=\"font-weight: 400\">Les groupes \u00e0 vocation sociale, communautaire, \u00e0 but non lucratif qui \u0153uvrent au sein des syst\u00e8mes alimentaires ou sur les questions de gouvernance\u00a0<\/span><\/li><\/ul><p><span style=\"font-weight: 400\">\u00a0<\/span><\/p><p><span style=\"font-weight: 400\">Nous encourageons tous les groupes nomm\u00e9s ci-dessus \u00e0 cr\u00e9er des \u00e9changes au sein de ce r\u00e9seau gratuit et \u00e0 partager et recueillir de l\u2019expertise. Nous souhaitons favoriser un endroit o\u00f9 toutes les collectivit\u00e9s peuvent partager leurs histoires, leurs exp\u00e9riences et leurs connaissances dans un environnement respectueux et s\u00fbr. Cette collaboration nous permettra \u00e0 tous d\u2019avancer plus loin et plus rapidement.<\/span><\/p>\t\t\t\t\t\t\t\t<\/div>\n\t\t\t\t<\/div>\n\t\t\t\t<div class=\"elementor-element elementor-element-a8e3ece elementor-widget elementor-widget-button\" data-id=\"a8e3ece\" data-element_type=\"widget\" data-e-type=\"widget\" data-widget_type=\"button.default\">\n\t\t\t\t<div class=\"elementor-widget-container\">\n\t\t\t\t\t\t\t\t\t<div class=\"elementor-button-wrapper\">\n\t\t\t\t\t<a class=\"elementor-button elementor-button-link elementor-size-sm\" href=\"https:\/\/fcn-rcn.ca\/fr\/join\/\">\n\t\t\t\t\t\t<span class=\"elementor-button-content-wrapper\">\n\t\t\t\t\t\t\t\t\t<span class=\"elementor-button-text\">Devenir membre<\/span>\n\t\t\t\t\t<\/span>\n\t\t\t\t\t<\/a>\n\t\t\t\t<\/div>\n\t\t\t\t\t\t\t\t<\/div>\n\t\t\t\t<\/div>\n\t\t\t\t<div class=\"elementor-element elementor-element-8cce727 elementor-widget elementor-widget-spacer\" data-id=\"8cce727\" data-element_type=\"widget\" data-e-type=\"widget\" data-widget_type=\"spacer.default\">\n\t\t\t\t<div class=\"elementor-widget-container\">\n\t\t\t\t\t\t\t<div class=\"elementor-spacer\">\n\t\t\t<div class=\"elementor-spacer-inner\"><\/div>\n\t\t<\/div>\n\t\t\t\t\t\t<\/div>\n\t\t\t\t<\/div>\n\t\t\t\t<div class=\"elementor-element elementor-element-fc3bcf1 elementor-widget elementor-widget-button\" data-id=\"fc3bcf1\" data-element_type=\"widget\" data-e-type=\"widget\" data-widget_type=\"button.default\">\n\t\t\t\t<div class=\"elementor-widget-container\">\n\t\t\t\t\t\t\t\t\t<div class=\"elementor-button-wrapper\">\n\t\t\t\t\t<a class=\"elementor-button elementor-button-link elementor-size-sm\" href=\"https:\/\/fcn-rcn.ca\/fr\/about-us\/\">\n\t\t\t\t\t\t<span class=\"elementor-button-content-wrapper\">\n\t\t\t\t\t\t\t\t\t<span class=\"elementor-button-text\">En savoir plus<\/span>\n\t\t\t\t\t<\/span>\n\t\t\t\t\t<\/a>\n\t\t\t\t<\/div>\n\t\t\t\t\t\t\t\t<\/div>\n\t\t\t\t<\/div>\n\t\t\t\t<div class=\"elementor-element elementor-element-efa2adf elementor-widget elementor-widget-text-editor\" data-id=\"efa2adf\" data-element_type=\"widget\" data-e-type=\"widget\" data-widget_type=\"text-editor.default\">\n\t\t\t\t<div class=\"elementor-widget-container\">\n\t\t\t\t\t\t\t\t\t<p>*Au sein de ce r\u00e9seau, les groupes de politiques alimentaires (GPA) font r\u00e9f\u00e9rence \u00e0 des groupes ou des r\u00e9seaux formels ou informels de r\u00e9sidents, des organismes \u00e0 but non lucratif, des entreprises et des gouvernements qui collaborent pour traiter des enjeux touchant les syst\u00e8mes alimentaires, particuli\u00e8rement gr\u00e2ce \u00e0 des politiques ou des programmes, et ce \u00e0 l\u2019\u00e9chelle locale ou communautaire, ou encore dans des bandes, des villes, des municipalit\u00e9s, des compt\u00e9s, des territoires ou des r\u00e9gions. Le terme \u00ab\u2009GPA\u2009\u00bb englobe les conseils de politiques alimentaires, les alliances de syst\u00e8mes alimentaires, les groupes de strat\u00e9gies alimentaires, les r\u00e9seaux alimentaires de quartiers, les initiatives de justice alimentaire et bien d\u2019autres.<\/p>\t\t\t\t\t\t\t\t<\/div>\n\t\t\t\t<\/div>\n\t\t\t\t\t<\/div>\n\t\t<\/div>\n\t\t\t\t\t<\/div>\n\t\t<\/section>\n\t\t\t\t<section class=\"elementor-section elementor-top-section elementor-element elementor-element-e167583 elementor-section-boxed elementor-section-height-default elementor-section-height-default\" data-id=\"e167583\" data-element_type=\"section\" data-e-type=\"section\">\n\t\t\t\t\t\t<div class=\"elementor-container elementor-column-gap-default\">\n\t\t\t\t\t<div class=\"elementor-column elementor-col-100 elementor-top-column elementor-element elementor-element-60da992\" data-id=\"60da992\" data-element_type=\"column\" data-e-type=\"column\">\n\t\t\t<div class=\"elementor-widget-wrap elementor-element-populated\">\n\t\t\t\t\t\t<div class=\"elementor-element elementor-element-d166e0a elementor-widget elementor-widget-spacer\" data-id=\"d166e0a\" data-element_type=\"widget\" data-e-type=\"widget\" data-widget_type=\"spacer.default\">\n\t\t\t\t<div class=\"elementor-widget-container\">\n\t\t\t\t\t\t\t<div class=\"elementor-spacer\">\n\t\t\t<div class=\"elementor-spacer-inner\"><\/div>\n\t\t<\/div>\n\t\t\t\t\t\t<\/div>\n\t\t\t\t<\/div>\n\t\t\t\t<section class=\"elementor-section elementor-inner-section elementor-element elementor-element-52d5da0 elementor-section-boxed elementor-section-height-default elementor-section-height-default\" data-id=\"52d5da0\" data-element_type=\"section\" data-e-type=\"section\">\n\t\t\t\t\t\t<div class=\"elementor-container elementor-column-gap-default\">\n\t\t\t\t\t<div class=\"elementor-column elementor-col-100 elementor-inner-column elementor-element elementor-element-4eb6d27\" data-id=\"4eb6d27\" data-element_type=\"column\" data-e-type=\"column\">\n\t\t\t<div class=\"elementor-widget-wrap elementor-element-populated\">\n\t\t\t\t\t\t<div class=\"elementor-element elementor-element-f6960f8 elementor-widget-divider--view-line elementor-widget elementor-widget-divider\" data-id=\"f6960f8\" data-element_type=\"widget\" data-e-type=\"widget\" data-widget_type=\"divider.default\">\n\t\t\t\t<div class=\"elementor-widget-container\">\n\t\t\t\t\t\t\t<div class=\"elementor-divider\">\n\t\t\t<span class=\"elementor-divider-separator\">\n\t\t\t\t\t\t<\/span>\n\t\t<\/div>\n\t\t\t\t\t\t<\/div>\n\t\t\t\t<\/div>\n\t\t\t\t\t<\/div>\n\t\t<\/div>\n\t\t\t\t\t<\/div>\n\t\t<\/section>\n\t\t\t\t<section class=\"elementor-section elementor-inner-section elementor-element elementor-element-25667d3 elementor-section-boxed elementor-section-height-default elementor-section-height-default\" data-id=\"25667d3\" data-element_type=\"section\" data-e-type=\"section\">\n\t\t\t\t\t\t<div class=\"elementor-container elementor-column-gap-default\">\n\t\t\t\t\t<div class=\"elementor-column elementor-col-50 elementor-inner-column elementor-element elementor-element-389f8c8\" data-id=\"389f8c8\" data-element_type=\"column\" data-e-type=\"column\">\n\t\t\t<div class=\"elementor-widget-wrap\">\n\t\t\t\t\t\t\t<\/div>\n\t\t<\/div>\n\t\t\t\t<div class=\"elementor-column elementor-col-50 elementor-inner-column elementor-element elementor-element-f6b82eb\" data-id=\"f6b82eb\" data-element_type=\"column\" data-e-type=\"column\">\n\t\t\t<div class=\"elementor-widget-wrap elementor-element-populated\">\n\t\t\t\t\t\t<div class=\"elementor-element elementor-element-8eb4495 elementor-widget elementor-widget-spacer\" data-id=\"8eb4495\" data-element_type=\"widget\" data-e-type=\"widget\" data-widget_type=\"spacer.default\">\n\t\t\t\t<div class=\"elementor-widget-container\">\n\t\t\t\t\t\t\t<div class=\"elementor-spacer\">\n\t\t\t<div class=\"elementor-spacer-inner\"><\/div>\n\t\t<\/div>\n\t\t\t\t\t\t<\/div>\n\t\t\t\t<\/div>\n\t\t\t\t\t<\/div>\n\t\t<\/div>\n\t\t\t\t\t<\/div>\n\t\t<\/section>\n\t\t\t\t\t<\/div>\n\t\t<\/div>\n\t\t\t\t\t<\/div>\n\t\t<\/section>\n\t\t\t\t<section class=\"elementor-section elementor-top-section elementor-element elementor-element-b28dc48 elementor-section-boxed elementor-section-height-default elementor-section-height-default\" data-id=\"b28dc48\" data-element_type=\"section\" data-e-type=\"section\">\n\t\t\t\t\t\t<div class=\"elementor-container elementor-column-gap-default\">\n\t\t\t\t\t<div class=\"elementor-column elementor-col-100 elementor-top-column elementor-element elementor-element-662fdb3\" data-id=\"662fdb3\" data-element_type=\"column\" data-e-type=\"column\">\n\t\t\t<div class=\"elementor-widget-wrap elementor-element-populated\">\n\t\t\t\t\t\t<div class=\"elementor-element elementor-element-de76280 elementor-widget elementor-widget-global elementor-global-2178 elementor-widget-text-editor\" data-id=\"de76280\" data-element_type=\"widget\" data-e-type=\"widget\" data-widget_type=\"text-editor.default\">\n\t\t\t\t<div class=\"elementor-widget-container\">\n\t\t\t\t\t\t\t\t\t<p style=\"text-align: right;\">Food Communities Network\u00a0 \u00a0|\u00a0 \u00a0R\u00e9seau Communaut\u00e9s nourrici\u00e8res\u00a0 \u00a0|\u00a0 \u00a02025<\/p>\t\t\t\t\t\t\t\t<\/div>\n\t\t\t\t<\/div>\n\t\t\t\t\t<\/div>\n\t\t<\/div>\n\t\t\t\t\t<\/div>\n\t\t<\/section>\n\t\t\t\t<\/div>","protected":false},"excerpt":{"rendered":"<p>Welcome to the Food Communities Network. Food Communities Network &#8211; R\u00e9seau Communaut\u00e9s Nourrici\u00e8res (FCN-RCN) facilitates sharing ideas, knowledge, tools and experiences around building food resiliency and decreasing food insecurity, networking a wide diversity of communities coast-to-coast-to-coast. Read more FCN-RCN connects four core groups of actors working on community-wide solutions in their large, small, rural and [&hellip;]<\/p>\n","protected":false},"author":5,"featured_media":0,"parent":0,"menu_order":0,"comment_status":"closed","ping_status":"closed","template":"","meta":{"_monsterinsights_skip_tracking":false,"_monsterinsights_sitenote_active":false,"_monsterinsights_sitenote_note":"","_monsterinsights_sitenote_category":0,"footnotes":""},"class_list":["post-131","page","type-page","status-publish","hentry"],"_links":{"self":[{"href":"https:\/\/fcn-rcn.ca\/fr\/wp-json\/wp\/v2\/pages\/131","targetHints":{"allow":["GET"]}}],"collection":[{"href":"https:\/\/fcn-rcn.ca\/fr\/wp-json\/wp\/v2\/pages"}],"about":[{"href":"https:\/\/fcn-rcn.ca\/fr\/wp-json\/wp\/v2\/types\/page"}],"author":[{"embeddable":true,"href":"https:\/\/fcn-rcn.ca\/fr\/wp-json\/wp\/v2\/users\/5"}],"replies":[{"embeddable":true,"href":"https:\/\/fcn-rcn.ca\/fr\/wp-json\/wp\/v2\/comments?post=131"}],"version-history":[{"count":91,"href":"https:\/\/fcn-rcn.ca\/fr\/wp-json\/wp\/v2\/pages\/131\/revisions"}],"predecessor-version":[{"id":2469,"href":"https:\/\/fcn-rcn.ca\/fr\/wp-json\/wp\/v2\/pages\/131\/revisions\/2469"}],"wp:attachment":[{"href":"https:\/\/fcn-rcn.ca\/fr\/wp-json\/wp\/v2\/media?parent=131"}],"curies":[{"name":"wp","href":"https:\/\/api.w.org\/{rel}","templated":true}]}}